{"id":29,"date":"2024-05-07T19:02:14","date_gmt":"2024-05-07T19:02:14","guid":{"rendered":"https:\/\/mexiempack.mx\/?page_id=29"},"modified":"2024-09-12T20:18:41","modified_gmt":"2024-09-12T20:18:41","slug":"contacto","status":"publish","type":"page","link":"https:\/\/mexiempack.mx\/index.php\/contacto\/","title":{"rendered":"Contacto"},"content":{"rendered":"\t\t<div data-elementor-type=\"wp-page\" data-elementor-id=\"29\" class=\"elementor elementor-29\" data-elementor-post-type=\"page\">\n\t\t\t\t<div class=\"elementor-element elementor-element-4f64a885 e-con-full e-flex e-con e-parent\" data-id=\"4f64a885\" data-element_type=\"container\" data-e-type=\"container\" data-settings=\"{&quot;background_background&quot;:&quot;classic&quot;}\">\n\t\t<div class=\"elementor-element elementor-element-5e92f2bd e-con-full e-flex e-con e-child\" data-id=\"5e92f2bd\" data-element_type=\"container\" data-e-type=\"container\" data-settings=\"{&quot;background_background&quot;:&quot;classic&quot;}\">\n\t\t\t\t<div class=\"elementor-element elementor-element-281413e elementor-widget elementor-widget-text-editor\" data-id=\"281413e\" data-element_type=\"widget\" data-e-type=\"widget\" data-widget_type=\"text-editor.default\">\n\t\t\t\t<div class=\"elementor-widget-container\">\n\t\t\t\t\t\t\t\t\t<p>Nos encantar\u00eda hablar con usted.<\/p>\t\t\t\t\t\t\t\t<\/div>\n\t\t\t\t<\/div>\n\t\t\t\t<div class=\"elementor-element elementor-element-43b9723 elementor-widget elementor-widget-text-editor\" data-id=\"43b9723\" data-element_type=\"widget\" data-e-type=\"widget\" data-widget_type=\"text-editor.default\">\n\t\t\t\t<div class=\"elementor-widget-container\">\n\t\t\t\t\t\t\t\t\t<p>\u00a1No dudes en comunicarte utilizando el siguiente formulario!<\/p>\t\t\t\t\t\t\t\t<\/div>\n\t\t\t\t<\/div>\n\t\t\t\t<\/div>\n\t\t<div class=\"elementor-element elementor-element-3943c421 e-con-full e-flex e-con e-child\" data-id=\"3943c421\" data-element_type=\"container\" data-e-type=\"container\">\n\t\t\t\t<div class=\"elementor-element elementor-element-1d200808 elementor-widget elementor-widget-heading\" data-id=\"1d200808\" data-element_type=\"widget\" data-e-type=\"widget\" data-widget_type=\"heading.default\">\n\t\t\t\t<div class=\"elementor-widget-container\">\n\t\t\t\t\t<h1 class=\"elementor-heading-title elementor-size-default\">Contacto<\/h1>\t\t\t\t<\/div>\n\t\t\t\t<\/div>\n\t\t\t\t<div class=\"elementor-element elementor-element-7a685f98 elementor-button-align-start elementor-tablet-button-align-center elementor-widget elementor-widget-form\" data-id=\"7a685f98\" data-element_type=\"widget\" data-e-type=\"widget\" data-settings=\"{&quot;step_next_label&quot;:&quot;Next&quot;,&quot;step_previous_label&quot;:&quot;Previous&quot;,&quot;button_width&quot;:&quot;100&quot;,&quot;step_type&quot;:&quot;number_text&quot;,&quot;step_icon_shape&quot;:&quot;circle&quot;}\" data-widget_type=\"form.default\">\n\t\t\t\t<div class=\"elementor-widget-container\">\n\t\t\t\t\t\t\t<form class=\"elementor-form\" method=\"post\" name=\"Contact Form\" aria-label=\"Contact Form\">\n\t\t\t<input type=\"hidden\" name=\"post_id\" value=\"29\"\/>\n\t\t\t<input type=\"hidden\" name=\"form_id\" value=\"7a685f98\"\/>\n\t\t\t<input type=\"hidden\" name=\"referer_title\" value=\"Contacto - Mexiempack\" \/>\n\n\t\t\t\t\t\t\t<input type=\"hidden\" name=\"queried_id\" value=\"29\"\/>\n\t\t\t\n\t\t\t<div class=\"elementor-form-fields-wrapper elementor-labels-\">\n\t\t\t\t\t\t\t\t<div class=\"elementor-field-type-text elementor-field-group elementor-column elementor-field-group-name elementor-col-50 elementor-field-required\">\n\t\t\t\t\t\t\t\t\t\t\t\t<label for=\"form-field-name\" class=\"elementor-field-label elementor-screen-only\">\n\t\t\t\t\t\t\t\tTu nombre\t\t\t\t\t\t\t<\/label>\n\t\t\t\t\t\t\t\t\t\t\t\t\t\t<input size=\"1\" type=\"text\" name=\"form_fields[name]\" id=\"form-field-name\" class=\"elementor-field elementor-size-sm  elementor-field-textual\" placeholder=\"Tu nombre*\" required=\"required\">\n\t\t\t\t\t\t\t\t\t\t\t<\/div>\n\t\t\t\t\t\t\t\t<div class=\"elementor-field-type-text elementor-field-group elementor-column elementor-field-group-field_b743cd7 elementor-col-50 elementor-field-required\">\n\t\t\t\t\t\t\t\t\t\t\t\t<label for=\"form-field-field_b743cd7\" class=\"elementor-field-label elementor-screen-only\">\n\t\t\t\t\t\t\t\tTu email\t\t\t\t\t\t\t<\/label>\n\t\t\t\t\t\t\t\t\t\t\t\t\t\t<input size=\"1\" type=\"text\" name=\"form_fields[field_b743cd7]\" id=\"form-field-field_b743cd7\" class=\"elementor-field elementor-size-sm  elementor-field-textual\" placeholder=\"Tu email*\" required=\"required\">\n\t\t\t\t\t\t\t\t\t\t\t<\/div>\n\t\t\t\t\t\t\t\t<div class=\"elementor-field-type-tel elementor-field-group elementor-column elementor-field-group-field_6c180a9 elementor-col-50 elementor-field-required\">\n\t\t\t\t\t\t\t\t\t\t\t\t<label for=\"form-field-field_6c180a9\" class=\"elementor-field-label elementor-screen-only\">\n\t\t\t\t\t\t\t\tN\u00famero de contacto\t\t\t\t\t\t\t<\/label>\n\t\t\t\t\t\t\t\t<input size=\"1\" type=\"tel\" name=\"form_fields[field_6c180a9]\" id=\"form-field-field_6c180a9\" class=\"elementor-field elementor-size-sm  elementor-field-textual\" placeholder=\"N\u00famero de contacto\" required=\"required\" pattern=\"[0-9()#&amp;+*-=.]+\" title=\"Solo se aceptan n\u00fameros y caracteres de tel\u00e9fono (#,-,*,etc).\">\n\n\t\t\t\t\t\t<\/div>\n\t\t\t\t\t\t\t\t<div class=\"elementor-field-type-email elementor-field-group elementor-column elementor-field-group-email elementor-col-50 elementor-field-required\">\n\t\t\t\t\t\t\t\t\t\t\t\t<label for=\"form-field-email\" class=\"elementor-field-label elementor-screen-only\">\n\t\t\t\t\t\t\t\tAsunto\t\t\t\t\t\t\t<\/label>\n\t\t\t\t\t\t\t\t\t\t\t\t\t\t<input size=\"1\" type=\"email\" name=\"form_fields[email]\" id=\"form-field-email\" class=\"elementor-field elementor-size-sm  elementor-field-textual\" placeholder=\"Asunto\" required=\"required\">\n\t\t\t\t\t\t\t\t\t\t\t<\/div>\n\t\t\t\t\t\t\t\t<div class=\"elementor-field-type-textarea elementor-field-group elementor-column elementor-field-group-message elementor-col-100\">\n\t\t\t\t\t\t\t\t\t\t\t\t<label for=\"form-field-message\" class=\"elementor-field-label elementor-screen-only\">\n\t\t\t\t\t\t\t\tMensaje\t\t\t\t\t\t\t<\/label>\n\t\t\t\t\t\t<textarea class=\"elementor-field-textual elementor-field  elementor-size-sm\" name=\"form_fields[message]\" id=\"form-field-message\" rows=\"4\" placeholder=\"Mensaje\"><\/textarea>\t\t\t\t<\/div>\n\t\t\t\t\t\t\t\t<div class=\"elementor-field-group elementor-column elementor-field-type-submit elementor-col-100 e-form__buttons\">\n\t\t\t\t\t<button class=\"elementor-button elementor-size-sm elementor-animation-bounce-in\" type=\"submit\">\n\t\t\t\t\t\t<span class=\"elementor-button-content-wrapper\">\n\t\t\t\t\t\t\t\t\t\t\t\t\t\t\t\t\t\t\t\t\t\t<span class=\"elementor-button-text\">Enviar<\/span>\n\t\t\t\t\t\t\t\t\t\t\t\t\t<\/span>\n\t\t\t\t\t<\/button>\n\t\t\t\t<\/div>\n\t\t\t<\/div>\n\t\t<\/form>\n\t\t\t\t\t\t<\/div>\n\t\t\t\t<\/div>\n\t\t\t\t<\/div>\n\t\t\t\t<\/div>\n\t\t\t\t<\/div>\n\t\t","protected":false},"excerpt":{"rendered":"<p>Nos encantar\u00eda hablar con usted. \u00a1No dudes en comunicarte utilizando el siguiente formulario! Contacto<\/p>\n","protected":false},"author":2,"featured_media":0,"parent":0,"menu_order":0,"comment_status":"closed","ping_status":"closed","template":"elementor_header_footer","meta":{"footnotes":""},"class_list":["post-29","page","type-page","status-publish","hentry"],"yoast_head":"<!-- This site is optimized with the Yoast SEO plugin v27.5 - https:\/\/yoast.com\/product\/yoast-seo-wordpress\/ -->\n<title>Contacto - Mexiempack<\/title>\n<meta name=\"description\" content=\"Env\u00edanos un mail, ponte en contacto con nosotros y un asesor te llamar\u00e1, tenemos una soluci\u00f3n para ti y para tu negocio.\" \/>\n<meta name=\"robots\" content=\"index, follow, max-snippet:-1, max-image-preview:large, max-video-preview:-1\" \/>\n<link rel=\"canonical\" href=\"https:\/\/mexiempack.mx\/index.php\/contacto\/\" \/>\n<meta property=\"og:locale\" content=\"es_ES\" \/>\n<meta property=\"og:type\" content=\"article\" \/>\n<meta property=\"og:title\" content=\"Contacto - Mexiempack\" \/>\n<meta property=\"og:description\" content=\"Env\u00edanos un mail, ponte en contacto con nosotros y un asesor te llamar\u00e1, tenemos una soluci\u00f3n para ti y para tu negocio.\" \/>\n<meta property=\"og:url\" content=\"https:\/\/mexiempack.mx\/index.php\/contacto\/\" \/>\n<meta property=\"og:site_name\" content=\"Mexiempack\" \/>\n<meta property=\"article:publisher\" content=\"https:\/\/www.facebook.com\/mexiempack\" \/>\n<meta property=\"article:modified_time\" content=\"2024-09-12T20:18:41+00:00\" \/>\n<meta name=\"twitter:card\" content=\"summary_large_image\" \/>\n<meta name=\"twitter:site\" content=\"@mexiempack\" \/>\n<meta name=\"twitter:label1\" content=\"Tiempo de lectura\" \/>\n\t<meta name=\"twitter:data1\" content=\"1 minuto\" \/>\n<script type=\"application\/ld+json\" class=\"yoast-schema-graph\">{\"@context\":\"https:\\\/\\\/schema.org\",\"@graph\":[{\"@type\":\"WebPage\",\"@id\":\"https:\\\/\\\/mexiempack.mx\\\/index.php\\\/contacto\\\/\",\"url\":\"https:\\\/\\\/mexiempack.mx\\\/index.php\\\/contacto\\\/\",\"name\":\"Contacto - Mexiempack\",\"isPartOf\":{\"@id\":\"https:\\\/\\\/mexiempack.mx\\\/#website\"},\"datePublished\":\"2024-05-07T19:02:14+00:00\",\"dateModified\":\"2024-09-12T20:18:41+00:00\",\"description\":\"Env\u00edanos un mail, ponte en contacto con nosotros y un asesor te llamar\u00e1, tenemos una soluci\u00f3n para ti y para tu negocio.\",\"breadcrumb\":{\"@id\":\"https:\\\/\\\/mexiempack.mx\\\/index.php\\\/contacto\\\/#breadcrumb\"},\"inLanguage\":\"es\",\"potentialAction\":[{\"@type\":\"ReadAction\",\"target\":[\"https:\\\/\\\/mexiempack.mx\\\/index.php\\\/contacto\\\/\"]}]},{\"@type\":\"BreadcrumbList\",\"@id\":\"https:\\\/\\\/mexiempack.mx\\\/index.php\\\/contacto\\\/#breadcrumb\",\"itemListElement\":[{\"@type\":\"ListItem\",\"position\":1,\"name\":\"Portada\",\"item\":\"https:\\\/\\\/mexiempack.mx\\\/\"},{\"@type\":\"ListItem\",\"position\":2,\"name\":\"Contacto\"}]},{\"@type\":\"WebSite\",\"@id\":\"https:\\\/\\\/mexiempack.mx\\\/#website\",\"url\":\"https:\\\/\\\/mexiempack.mx\\\/\",\"name\":\"Mexiempack\",\"description\":\"Hacemos m\u00e1s que cajas\",\"publisher\":{\"@id\":\"https:\\\/\\\/mexiempack.mx\\\/#organization\"},\"potentialAction\":[{\"@type\":\"SearchAction\",\"target\":{\"@type\":\"EntryPoint\",\"urlTemplate\":\"https:\\\/\\\/mexiempack.mx\\\/?s={search_term_string}\"},\"query-input\":{\"@type\":\"PropertyValueSpecification\",\"valueRequired\":true,\"valueName\":\"search_term_string\"}}],\"inLanguage\":\"es\"},{\"@type\":\"Organization\",\"@id\":\"https:\\\/\\\/mexiempack.mx\\\/#organization\",\"name\":\"Mexiempack\",\"url\":\"https:\\\/\\\/mexiempack.mx\\\/\",\"logo\":{\"@type\":\"ImageObject\",\"inLanguage\":\"es\",\"@id\":\"https:\\\/\\\/mexiempack.mx\\\/#\\\/schema\\\/logo\\\/image\\\/\",\"url\":\"https:\\\/\\\/mexiempack.mx\\\/wp-content\\\/uploads\\\/2024\\\/05\\\/logo-mexiempack.jpg\",\"contentUrl\":\"https:\\\/\\\/mexiempack.mx\\\/wp-content\\\/uploads\\\/2024\\\/05\\\/logo-mexiempack.jpg\",\"width\":296,\"height\":184,\"caption\":\"Mexiempack\"},\"image\":{\"@id\":\"https:\\\/\\\/mexiempack.mx\\\/#\\\/schema\\\/logo\\\/image\\\/\"},\"sameAs\":[\"https:\\\/\\\/www.facebook.com\\\/mexiempack\",\"https:\\\/\\\/x.com\\\/mexiempack\"]}]}<\/script>\n<!-- \/ Yoast SEO plugin. -->","yoast_head_json":{"title":"Contacto - Mexiempack","description":"Env\u00edanos un mail, ponte en contacto con nosotros y un asesor te llamar\u00e1, tenemos una soluci\u00f3n para ti y para tu negocio.","robots":{"index":"index","follow":"follow","max-snippet":"max-snippet:-1","max-image-preview":"max-image-preview:large","max-video-preview":"max-video-preview:-1"},"canonical":"https:\/\/mexiempack.mx\/index.php\/contacto\/","og_locale":"es_ES","og_type":"article","og_title":"Contacto - Mexiempack","og_description":"Env\u00edanos un mail, ponte en contacto con nosotros y un asesor te llamar\u00e1, tenemos una soluci\u00f3n para ti y para tu negocio.","og_url":"https:\/\/mexiempack.mx\/index.php\/contacto\/","og_site_name":"Mexiempack","article_publisher":"https:\/\/www.facebook.com\/mexiempack","article_modified_time":"2024-09-12T20:18:41+00:00","twitter_card":"summary_large_image","twitter_site":"@mexiempack","twitter_misc":{"Tiempo de lectura":"1 minuto"},"schema":{"@context":"https:\/\/schema.org","@graph":[{"@type":"WebPage","@id":"https:\/\/mexiempack.mx\/index.php\/contacto\/","url":"https:\/\/mexiempack.mx\/index.php\/contacto\/","name":"Contacto - Mexiempack","isPartOf":{"@id":"https:\/\/mexiempack.mx\/#website"},"datePublished":"2024-05-07T19:02:14+00:00","dateModified":"2024-09-12T20:18:41+00:00","description":"Env\u00edanos un mail, ponte en contacto con nosotros y un asesor te llamar\u00e1, tenemos una soluci\u00f3n para ti y para tu negocio.","breadcrumb":{"@id":"https:\/\/mexiempack.mx\/index.php\/contacto\/#breadcrumb"},"inLanguage":"es","potentialAction":[{"@type":"ReadAction","target":["https:\/\/mexiempack.mx\/index.php\/contacto\/"]}]},{"@type":"BreadcrumbList","@id":"https:\/\/mexiempack.mx\/index.php\/contacto\/#breadcrumb","itemListElement":[{"@type":"ListItem","position":1,"name":"Portada","item":"https:\/\/mexiempack.mx\/"},{"@type":"ListItem","position":2,"name":"Contacto"}]},{"@type":"WebSite","@id":"https:\/\/mexiempack.mx\/#website","url":"https:\/\/mexiempack.mx\/","name":"Mexiempack","description":"Hacemos m\u00e1s que cajas","publisher":{"@id":"https:\/\/mexiempack.mx\/#organization"},"potentialAction":[{"@type":"SearchAction","target":{"@type":"EntryPoint","urlTemplate":"https:\/\/mexiempack.mx\/?s={search_term_string}"},"query-input":{"@type":"PropertyValueSpecification","valueRequired":true,"valueName":"search_term_string"}}],"inLanguage":"es"},{"@type":"Organization","@id":"https:\/\/mexiempack.mx\/#organization","name":"Mexiempack","url":"https:\/\/mexiempack.mx\/","logo":{"@type":"ImageObject","inLanguage":"es","@id":"https:\/\/mexiempack.mx\/#\/schema\/logo\/image\/","url":"https:\/\/mexiempack.mx\/wp-content\/uploads\/2024\/05\/logo-mexiempack.jpg","contentUrl":"https:\/\/mexiempack.mx\/wp-content\/uploads\/2024\/05\/logo-mexiempack.jpg","width":296,"height":184,"caption":"Mexiempack"},"image":{"@id":"https:\/\/mexiempack.mx\/#\/schema\/logo\/image\/"},"sameAs":["https:\/\/www.facebook.com\/mexiempack","https:\/\/x.com\/mexiempack"]}]}},"_links":{"self":[{"href":"https:\/\/mexiempack.mx\/index.php\/wp-json\/wp\/v2\/pages\/29","targetHints":{"allow":["GET"]}}],"collection":[{"href":"https:\/\/mexiempack.mx\/index.php\/wp-json\/wp\/v2\/pages"}],"about":[{"href":"https:\/\/mexiempack.mx\/index.php\/wp-json\/wp\/v2\/types\/page"}],"author":[{"embeddable":true,"href":"https:\/\/mexiempack.mx\/index.php\/wp-json\/wp\/v2\/users\/2"}],"replies":[{"embeddable":true,"href":"https:\/\/mexiempack.mx\/index.php\/wp-json\/wp\/v2\/comments?post=29"}],"version-history":[{"count":25,"href":"https:\/\/mexiempack.mx\/index.php\/wp-json\/wp\/v2\/pages\/29\/revisions"}],"predecessor-version":[{"id":586,"href":"https:\/\/mexiempack.mx\/index.php\/wp-json\/wp\/v2\/pages\/29\/revisions\/586"}],"wp:attachment":[{"href":"https:\/\/mexiempack.mx\/index.php\/wp-json\/wp\/v2\/media?parent=29"}],"curies":[{"name":"wp","href":"https:\/\/api.w.org\/{rel}","templated":true}]}}